{"id":944,"date":"2023-04-14T12:49:10","date_gmt":"2023-04-14T10:49:10","guid":{"rendered":"https:\/\/www.silkrock.com\/services\/"},"modified":"2023-08-11T11:24:49","modified_gmt":"2023-08-11T09:24:49","slug":"services","status":"publish","type":"page","link":"https:\/\/www.silkrock.com\/en\/services\/","title":{"rendered":"Services"},"content":{"rendered":"\t\t<div data-elementor-type=\"wp-page\" data-elementor-id=\"944\" class=\"elementor elementor-944 elementor-56\">\n\t\t\t\t\t\t\t<div class=\"elementor-element elementor-element-54c2c90 e-con-boxed e-con\" data-id=\"54c2c90\" data-element_type=\"container\" data-settings=\"{&quot;content_width&quot;:&quot;boxed&quot;}\">\n\t\t\t\t\t<div class=\"e-con-inner\">\n\t\t\t\t<div class=\"elementor-element elementor-element-0d98930 elementor-widget elementor-widget-heading\" data-id=\"0d98930\" data-element_type=\"widget\" data-widget_type=\"heading.default\">\n\t\t\t\t<div class=\"elementor-widget-container\">\n\t\t\t<style>\/*! elementor - v3.12.1 - 02-04-2023 *\/\n.elementor-heading-title{padding:0;margin:0;line-height:1}.elementor-widget-heading .elementor-heading-title[class*=elementor-size-]>a{color:inherit;font-size:inherit;line-height:inherit}.elementor-widget-heading .elementor-heading-title.elementor-size-small{font-size:15px}.elementor-widget-heading .elementor-heading-title.elementor-size-medium{font-size:19px}.elementor-widget-heading .elementor-heading-title.elementor-size-large{font-size:29px}.elementor-widget-heading .elementor-heading-title.elementor-size-xl{font-size:39px}.elementor-widget-heading .elementor-heading-title.elementor-size-xxl{font-size:59px}<\/style><h1 class=\"elementor-heading-title elementor-size-default\">Representation services for brands of ceramic products that we offer<\/h1>\t\t<\/div>\n\t\t\t\t<\/div>\n\t\t\t\t\t<\/div>\n\t\t\t\t<\/div>\n\t\t<div class=\"elementor-element elementor-element-469ed0e e-con-boxed e-con\" data-id=\"469ed0e\" data-element_type=\"container\" data-settings=\"{&quot;content_width&quot;:&quot;boxed&quot;}\">\n\t\t\t\t\t<div class=\"e-con-inner\">\n\t\t\t\t<div class=\"dce-fix-background-loop elementor-element elementor-element-b3cfa15 animated-slow elementor-invisible elementor-widget elementor-widget-dce-acf-repeater-v2\" data-id=\"b3cfa15\" data-element_type=\"widget\" data-settings=\"{&quot;_animation&quot;:&quot;slideInUp&quot;,&quot;dce_acf_repeater_format&quot;:&quot;grid&quot;}\" data-widget_type=\"dce-acf-repeater-v2.default\">\n\t\t\t\t<div class=\"elementor-widget-container\">\n\t\t\t<div class=\"dce-acf-repeater\"><div class=\"dce-acf-repeater-grid\"><div class=\"dce-acf-repeater-item\">\t\t<div data-elementor-type=\"single-page\" data-elementor-id=\"418\" data-row-id=\"1\" data-obj-id=\"1\" class=\"elementor elementor-418 dce-elementor-row-1\">\n\t\t\t\t\t\t<div class=\"elementor-element elementor-element-b241bb2 e-con-boxed e-con\" data-id=\"b241bb2\" data-element_type=\"container\" data-settings=\"{&quot;background_background&quot;:&quot;classic&quot;,&quot;content_width&quot;:&quot;boxed&quot;}\">\n\t\t\t\t\t<div class=\"e-con-inner\">\n\t\t<div class=\"elementor-element elementor-element-573ab46 e-con-full e-con\" data-id=\"573ab46\" data-element_type=\"container\" data-settings=\"{&quot;content_width&quot;:&quot;full&quot;}\">\n\t\t\t\t<div class=\"elementor-element elementor-element-c60b165 dce_masking-none elementor-widget elementor-widget-image\" data-id=\"c60b165\" data-element_type=\"widget\" data-widget_type=\"image.default\">\n\t\t\t\t<div class=\"elementor-widget-container\">\n\t\t\t<style>\/*! elementor - v3.12.1 - 02-04-2023 *\/\n.elementor-widget-image{text-align:center}.elementor-widget-image a{display:inline-block}.elementor-widget-image a img[src$=\".svg\"]{width:48px}.elementor-widget-image img{vertical-align:middle;display:inline-block}<\/style>\t\t\t\t\t\t\t\t\t\t\t\t<img loading=\"lazy\" decoding=\"async\" width=\"338\" height=\"338\" src=\"https:\/\/www.silkrock.com\/wp-content\/uploads\/consulting@2x.png\" class=\"attachment-large size-large wp-image-402\" alt=\"Consulting\" srcset=\"https:\/\/www.silkrock.com\/wp-content\/uploads\/consulting@2x.png 338w, https:\/\/www.silkrock.com\/wp-content\/uploads\/consulting@2x-300x300.png 300w, https:\/\/www.silkrock.com\/wp-content\/uploads\/consulting@2x-150x150.png 150w\" sizes=\"auto, (max-width: 338px) 100vw, 338px\" \/>\t\t\t\t\t\t\t\t\t\t\t\t\t\t\t<\/div>\n\t\t\t\t<\/div>\n\t\t\t\t<div class=\"elementor-element elementor-element-bb4d39b elementor-widget elementor-widget-heading\" data-id=\"bb4d39b\" data-element_type=\"widget\" data-widget_type=\"heading.default\">\n\t\t\t\t<div class=\"elementor-widget-container\">\n\t\t\t<div class=\"elementor-heading-title elementor-size-default\">Consultancy<\/div>\t\t<\/div>\n\t\t\t\t<\/div>\n\t\t\t\t<\/div>\n\t\t<div class=\"elementor-element elementor-element-df78367 e-con-full e-con\" data-id=\"df78367\" data-element_type=\"container\" data-settings=\"{&quot;content_width&quot;:&quot;full&quot;}\">\n\t\t\t\t<div class=\"elementor-element elementor-element-0f3f630 elementor-widget elementor-widget-text-editor\" data-id=\"0f3f630\" data-element_type=\"widget\" data-widget_type=\"text-editor.default\">\n\t\t\t\t<div class=\"elementor-widget-container\">\n\t\t\t<style>\/*! elementor - v3.12.1 - 02-04-2023 *\/\n.elementor-widget-text-editor.elementor-drop-cap-view-stacked .elementor-drop-cap{background-color:#69727d;color:#fff}.elementor-widget-text-editor.elementor-drop-cap-view-framed .elementor-drop-cap{color:#69727d;border:3px solid;background-color:transparent}.elementor-widget-text-editor:not(.elementor-drop-cap-view-default) .elementor-drop-cap{margin-top:8px}.elementor-widget-text-editor:not(.elementor-drop-cap-view-default) .elementor-drop-cap-letter{width:1em;height:1em}.elementor-widget-text-editor .elementor-drop-cap{float:left;text-align:center;line-height:1;font-size:50px}.elementor-widget-text-editor .elementor-drop-cap-letter{display:inline-block}<\/style>\t\t\t\t<p>We act as business consultants and advisors for companies related to the world of construction materials and sanitary ware, whose objective is to enter or consolidate in the markets in which we have experience.<br \/>\nWe analyze and structure the market, we work on customer segmentation based on the products that the customer wants to position in those markets.<br \/>\nWe attract new customers in those markets.<br \/>\nWe manage updated client portfolios.<br \/>\nWe identify market trends.<br \/>\nWe advise our clients on the customization of the product for the target market, based on the extensive experience of our professionals.<\/p>\n\t\t\t\t\t\t<\/div>\n\t\t\t\t<\/div>\n\t\t\t\t<\/div>\n\t\t\t\t\t<\/div>\n\t\t\t\t<\/div>\n\t\t\t\t\t\t<\/div>\n\t\t<\/div><\/div><\/div>\t\t<\/div>\n\t\t\t\t<\/div>\n\t\t\t\t<div class=\"dce-fix-background-loop elementor-element elementor-element-ce22432 animated-slow elementor-invisible elementor-widget elementor-widget-dce-acf-repeater-v2\" data-id=\"ce22432\" data-element_type=\"widget\" data-settings=\"{&quot;_animation&quot;:&quot;fadeInUp&quot;,&quot;dce_acf_repeater_format&quot;:&quot;grid&quot;}\" data-widget_type=\"dce-acf-repeater-v2.default\">\n\t\t\t\t<div class=\"elementor-widget-container\">\n\t\t\t<div class=\"dce-acf-repeater\"><div class=\"dce-acf-repeater-grid\"><div class=\"dce-acf-repeater-item\">\t\t<div data-elementor-type=\"single-page\" data-elementor-id=\"439\" data-row-id=\"2\" data-obj-id=\"2\" class=\"elementor elementor-439 dce-elementor-row-2\">\n\t\t\t\t\t\t<div class=\"elementor-element elementor-element-14015c0 e-con-boxed e-con\" data-id=\"14015c0\" data-element_type=\"container\" data-settings=\"{&quot;background_background&quot;:&quot;classic&quot;,&quot;content_width&quot;:&quot;boxed&quot;}\">\n\t\t\t\t\t<div class=\"e-con-inner\">\n\t\t<div class=\"elementor-element elementor-element-4e2e289 e-con-full e-con\" data-id=\"4e2e289\" data-element_type=\"container\" data-settings=\"{&quot;content_width&quot;:&quot;full&quot;}\">\n\t\t\t\t<div class=\"elementor-element elementor-element-d89f1f0 dce_masking-none elementor-widget elementor-widget-image\" data-id=\"d89f1f0\" data-element_type=\"widget\" data-widget_type=\"image.default\">\n\t\t\t\t<div class=\"elementor-widget-container\">\n\t\t\t\t\t\t\t\t\t\t\t\t\t\t\t<img loading=\"lazy\" decoding=\"async\" width=\"300\" height=\"300\" src=\"https:\/\/www.silkrock.com\/wp-content\/uploads\/logistica@2x.png\" class=\"attachment-large size-large wp-image-405\" alt=\"Log\u00edstica\" srcset=\"https:\/\/www.silkrock.com\/wp-content\/uploads\/logistica@2x.png 300w, https:\/\/www.silkrock.com\/wp-content\/uploads\/logistica@2x-150x150.png 150w\" sizes=\"auto, (max-width: 300px) 100vw, 300px\" \/>\t\t\t\t\t\t\t\t\t\t\t\t\t\t\t<\/div>\n\t\t\t\t<\/div>\n\t\t\t\t<div class=\"elementor-element elementor-element-0958973 elementor-widget elementor-widget-heading\" data-id=\"0958973\" data-element_type=\"widget\" data-widget_type=\"heading.default\">\n\t\t\t\t<div class=\"elementor-widget-container\">\n\t\t\t<h5 class=\"elementor-heading-title elementor-size-default\">Logistics<\/h5>\t\t<\/div>\n\t\t\t\t<\/div>\n\t\t\t\t<div class=\"elementor-element elementor-element-1c9c5c2 elementor-widget elementor-widget-text-editor\" data-id=\"1c9c5c2\" data-element_type=\"widget\" data-widget_type=\"text-editor.default\">\n\t\t\t\t<div class=\"elementor-widget-container\">\n\t\t\t\t\t\t\t<p>In our work philosophy we respond to the needs of our clients with a fast and organized service. For this, through our facilities in Castell\u00f3n de la Plana (Spain) we help to consolidate loads for our clients.<\/p>\n\t\t\t\t\t\t<\/div>\n\t\t\t\t<\/div>\n\t\t\t\t<\/div>\n\t\t\t\t\t<\/div>\n\t\t\t\t<\/div>\n\t\t\t\t\t\t<\/div>\n\t\t<\/div><div class=\"dce-acf-repeater-item\">\t\t<div data-elementor-type=\"single-page\" data-elementor-id=\"439\" data-row-id=\"3\" data-obj-id=\"3\" class=\"elementor elementor-439 dce-elementor-row-3\">\n\t\t\t\t\t\t<div class=\"elementor-element elementor-element-14015c0 e-con-boxed e-con\" data-id=\"14015c0\" data-element_type=\"container\" data-settings=\"{&quot;background_background&quot;:&quot;classic&quot;,&quot;content_width&quot;:&quot;boxed&quot;}\">\n\t\t\t\t\t<div class=\"e-con-inner\">\n\t\t<div class=\"elementor-element elementor-element-4e2e289 e-con-full e-con\" data-id=\"4e2e289\" data-element_type=\"container\" data-settings=\"{&quot;content_width&quot;:&quot;full&quot;}\">\n\t\t\t\t<div class=\"elementor-element elementor-element-d89f1f0 dce_masking-none elementor-widget elementor-widget-image\" data-id=\"d89f1f0\" data-element_type=\"widget\" data-widget_type=\"image.default\">\n\t\t\t\t<div class=\"elementor-widget-container\">\n\t\t\t\t\t\t\t\t\t\t\t\t\t\t\t<img loading=\"lazy\" decoding=\"async\" width=\"236\" height=\"236\" src=\"https:\/\/www.silkrock.com\/wp-content\/uploads\/distribucion@2x.png\" class=\"attachment-large size-large wp-image-408\" alt=\"Distribuci\u00f3n\" srcset=\"https:\/\/www.silkrock.com\/wp-content\/uploads\/distribucion@2x.png 236w, https:\/\/www.silkrock.com\/wp-content\/uploads\/distribucion@2x-150x150.png 150w\" sizes=\"auto, (max-width: 236px) 100vw, 236px\" \/>\t\t\t\t\t\t\t\t\t\t\t\t\t\t\t<\/div>\n\t\t\t\t<\/div>\n\t\t\t\t<div class=\"elementor-element elementor-element-0958973 elementor-widget elementor-widget-heading\" data-id=\"0958973\" data-element_type=\"widget\" data-widget_type=\"heading.default\">\n\t\t\t\t<div class=\"elementor-widget-container\">\n\t\t\t<h5 class=\"elementor-heading-title elementor-size-default\">Distribution<\/h5>\t\t<\/div>\n\t\t\t\t<\/div>\n\t\t\t\t<div class=\"elementor-element elementor-element-1c9c5c2 elementor-widget elementor-widget-text-editor\" data-id=\"1c9c5c2\" data-element_type=\"widget\" data-widget_type=\"text-editor.default\">\n\t\t\t\t<div class=\"elementor-widget-container\">\n\t\t\t\t\t\t\t<p>Given our experience in the ceramic sector, we take care of looking for differentiated products to offer them in those markets at the request of our client.<\/p>\n\t\t\t\t\t\t<\/div>\n\t\t\t\t<\/div>\n\t\t\t\t<\/div>\n\t\t\t\t\t<\/div>\n\t\t\t\t<\/div>\n\t\t\t\t\t\t<\/div>\n\t\t<\/div><div class=\"dce-acf-repeater-item\">\t\t<div data-elementor-type=\"single-page\" data-elementor-id=\"439\" data-row-id=\"4\" data-obj-id=\"4\" class=\"elementor elementor-439 dce-elementor-row-4\">\n\t\t\t\t\t\t<div class=\"elementor-element elementor-element-14015c0 e-con-boxed e-con\" data-id=\"14015c0\" data-element_type=\"container\" data-settings=\"{&quot;background_background&quot;:&quot;classic&quot;,&quot;content_width&quot;:&quot;boxed&quot;}\">\n\t\t\t\t\t<div class=\"e-con-inner\">\n\t\t<div class=\"elementor-element elementor-element-4e2e289 e-con-full e-con\" data-id=\"4e2e289\" data-element_type=\"container\" data-settings=\"{&quot;content_width&quot;:&quot;full&quot;}\">\n\t\t\t\t<div class=\"elementor-element elementor-element-d89f1f0 dce_masking-none elementor-widget elementor-widget-image\" data-id=\"d89f1f0\" data-element_type=\"widget\" data-widget_type=\"image.default\">\n\t\t\t\t<div class=\"elementor-widget-container\">\n\t\t\t\t\t\t\t\t\t\t\t\t\t\t\t<img loading=\"lazy\" decoding=\"async\" width=\"246\" height=\"246\" src=\"https:\/\/www.silkrock.com\/wp-content\/uploads\/proyectos@2x.png\" class=\"attachment-large size-large wp-image-411\" alt=\"Proyectos\" srcset=\"https:\/\/www.silkrock.com\/wp-content\/uploads\/proyectos@2x.png 246w, https:\/\/www.silkrock.com\/wp-content\/uploads\/proyectos@2x-150x150.png 150w\" sizes=\"auto, (max-width: 246px) 100vw, 246px\" \/>\t\t\t\t\t\t\t\t\t\t\t\t\t\t\t<\/div>\n\t\t\t\t<\/div>\n\t\t\t\t<div class=\"elementor-element elementor-element-0958973 elementor-widget elementor-widget-heading\" data-id=\"0958973\" data-element_type=\"widget\" data-widget_type=\"heading.default\">\n\t\t\t\t<div class=\"elementor-widget-container\">\n\t\t\t<h5 class=\"elementor-heading-title elementor-size-default\">Projects<\/h5>\t\t<\/div>\n\t\t\t\t<\/div>\n\t\t\t\t<div class=\"elementor-element elementor-element-1c9c5c2 elementor-widget elementor-widget-text-editor\" data-id=\"1c9c5c2\" data-element_type=\"widget\" data-widget_type=\"text-editor.default\">\n\t\t\t\t<div class=\"elementor-widget-container\">\n\t\t\t\t\t\t\t<p>We provide a personalized solution to our client for each project in which ceramic construction material is involved in general, taking advantage of our experience in those markets.<\/p>\n\t\t\t\t\t\t<\/div>\n\t\t\t\t<\/div>\n\t\t\t\t<\/div>\n\t\t\t\t\t<\/div>\n\t\t\t\t<\/div>\n\t\t\t\t\t\t<\/div>\n\t\t<\/div><\/div><\/div>\t\t<\/div>\n\t\t\t\t<\/div>\n\t\t\t\t\t<\/div>\n\t\t\t\t<\/div>\n\t\t<div class=\"elementor-element elementor-element-a804e9c e-con-boxed e-con\" data-id=\"a804e9c\" data-element_type=\"container\" data-settings=\"{&quot;content_width&quot;:&quot;boxed&quot;}\">\n\t\t\t\t\t<div class=\"e-con-inner\">\n\t\t\t\t<div class=\"elementor-element elementor-element-c070780 elementor-widget elementor-widget-heading\" data-id=\"c070780\" data-element_type=\"widget\" data-widget_type=\"heading.default\">\n\t\t\t\t<div class=\"elementor-widget-container\">\n\t\t\t<h2 class=\"elementor-heading-title elementor-size-default\">Markets in which we have experience<\/h2>\t\t<\/div>\n\t\t\t\t<\/div>\n\t\t\t\t\t<\/div>\n\t\t\t\t<\/div>\n\t\t<div class=\"elementor-element elementor-element-a595975 e-con-full animated-slow elementor-invisible e-con\" data-id=\"a595975\" data-element_type=\"container\" data-settings=\"{&quot;content_width&quot;:&quot;full&quot;,&quot;animation&quot;:&quot;zoomIn&quot;}\">\n\t\t\t\t<div class=\"elementor-element elementor-element-74b58b6 dce_masking-none elementor-widget elementor-widget-image\" data-id=\"74b58b6\" data-element_type=\"widget\" data-widget_type=\"image.default\">\n\t\t\t\t<div class=\"elementor-widget-container\">\n\t\t\t\t\t\t\t\t\t\t\t\t\t\t\t<img loading=\"lazy\" decoding=\"async\" width=\"2048\" height=\"822\" src=\"https:\/\/www.silkrock.com\/wp-content\/uploads\/world-map-english-2048x822.jpg\" class=\"attachment-2048x2048 size-2048x2048 wp-image-981\" alt=\"\" srcset=\"https:\/\/www.silkrock.com\/wp-content\/uploads\/world-map-english-2048x822.jpg 2048w, https:\/\/www.silkrock.com\/wp-content\/uploads\/world-map-english-300x120.jpg 300w, https:\/\/www.silkrock.com\/wp-content\/uploads\/world-map-english-1024x411.jpg 1024w, https:\/\/www.silkrock.com\/wp-content\/uploads\/world-map-english-768x308.jpg 768w, https:\/\/www.silkrock.com\/wp-content\/uploads\/world-map-english-1536x616.jpg 1536w\" sizes=\"auto, (max-width: 2048px) 100vw, 2048px\" \/>\t\t\t\t\t\t\t\t\t\t\t\t\t\t\t<\/div>\n\t\t\t\t<\/div>\n\t\t\t\t<\/div>\n\t\t\t\t\t\t\t<\/div>\n\t\t","protected":false},"excerpt":{"rendered":"<p>Markets in which we have experience<\/p>\n","protected":false},"author":1,"featured_media":0,"parent":0,"menu_order":0,"comment_status":"closed","ping_status":"closed","template":"elementor_header_footer","meta":{"footnotes":""},"class_list":["post-944","page","type-page","status-publish","hentry"],"acf":[],"yoast_head":"<!-- This site is optimized with the Yoast SEO plugin v20.5 - https:\/\/yoast.com\/wordpress\/plugins\/seo\/ -->\n<title>Representaci\u00f3n de productos cer\u00e1micos<\/title>\n<meta name=\"description\" content=\"Ofrecemos servicios de representaci\u00f3n para marcas de productos cer\u00e1micos con proyecci\u00f3n en los mercados de Oriente Medio y Norte de \u00c1frica.\" \/>\n<meta name=\"robots\" content=\"noindex, follow, max-snippet:-1, max-image-preview:large, max-video-preview:-1\" \/>\n<meta property=\"og:locale\" content=\"en_US\" \/>\n<meta property=\"og:type\" content=\"article\" \/>\n<meta property=\"og:title\" content=\"Representaci\u00f3n de productos cer\u00e1micos\" \/>\n<meta property=\"og:description\" content=\"Ofrecemos servicios de representaci\u00f3n para marcas de productos cer\u00e1micos con proyecci\u00f3n en los mercados de Oriente Medio y Norte de \u00c1frica.\" \/>\n<meta property=\"og:url\" content=\"https:\/\/www.silkrock.com\/en\/services\/\" \/>\n<meta property=\"og:site_name\" content=\"Silk Rock\" \/>\n<meta property=\"article:modified_time\" content=\"2023-08-11T09:24:49+00:00\" \/>\n<meta property=\"og:image\" content=\"https:\/\/www.silkrock.com\/wp-content\/uploads\/world-map-english-2048x822.jpg\" \/>\n<meta name=\"twitter:card\" content=\"summary_large_image\" \/>\n<meta name=\"twitter:label1\" content=\"Est. reading time\" \/>\n\t<meta name=\"twitter:data1\" content=\"4 minutes\" \/>\n<script type=\"application\/ld+json\" class=\"yoast-schema-graph\">{\"@context\":\"https:\/\/schema.org\",\"@graph\":[{\"@type\":\"WebPage\",\"@id\":\"https:\/\/www.silkrock.com\/en\/services\/\",\"url\":\"https:\/\/www.silkrock.com\/en\/services\/\",\"name\":\"Representaci\u00f3n de productos cer\u00e1micos\",\"isPartOf\":{\"@id\":\"https:\/\/www.silkrock.com\/en\/#website\"},\"datePublished\":\"2023-04-14T10:49:10+00:00\",\"dateModified\":\"2023-08-11T09:24:49+00:00\",\"description\":\"Ofrecemos servicios de representaci\u00f3n para marcas de productos cer\u00e1micos con proyecci\u00f3n en los mercados de Oriente Medio y Norte de \u00c1frica.\",\"breadcrumb\":{\"@id\":\"https:\/\/www.silkrock.com\/en\/services\/#breadcrumb\"},\"inLanguage\":\"en-US\",\"potentialAction\":[{\"@type\":\"ReadAction\",\"target\":[\"https:\/\/www.silkrock.com\/en\/services\/\"]}]},{\"@type\":\"BreadcrumbList\",\"@id\":\"https:\/\/www.silkrock.com\/en\/services\/#breadcrumb\",\"itemListElement\":[{\"@type\":\"ListItem\",\"position\":1,\"name\":\"Inicio\",\"item\":\"https:\/\/www.silkrock.com\/en\/home\/\"},{\"@type\":\"ListItem\",\"position\":2,\"name\":\"Services\"}]},{\"@type\":\"WebSite\",\"@id\":\"https:\/\/www.silkrock.com\/en\/#website\",\"url\":\"https:\/\/www.silkrock.com\/en\/\",\"name\":\"Silk Rock\",\"description\":\"\",\"publisher\":{\"@id\":\"https:\/\/www.silkrock.com\/en\/#organization\"},\"potentialAction\":[{\"@type\":\"SearchAction\",\"target\":{\"@type\":\"EntryPoint\",\"urlTemplate\":\"https:\/\/www.silkrock.com\/en\/?s={search_term_string}\"},\"query-input\":\"required name=search_term_string\"}],\"inLanguage\":\"en-US\"},{\"@type\":\"Organization\",\"@id\":\"https:\/\/www.silkrock.com\/en\/#organization\",\"name\":\"Silk Rock\",\"url\":\"https:\/\/www.silkrock.com\/en\/\",\"logo\":{\"@type\":\"ImageObject\",\"inLanguage\":\"en-US\",\"@id\":\"https:\/\/www.silkrock.com\/en\/#\/schema\/logo\/image\/\",\"url\":\"https:\/\/www.silkrock.com\/wp-content\/uploads\/LOGO-Silk-Rock-invertido-scaled.jpg\",\"contentUrl\":\"https:\/\/www.silkrock.com\/wp-content\/uploads\/LOGO-Silk-Rock-invertido-scaled.jpg\",\"width\":1850,\"height\":2560,\"caption\":\"Silk Rock\"},\"image\":{\"@id\":\"https:\/\/www.silkrock.com\/en\/#\/schema\/logo\/image\/\"}}]}<\/script>\n<!-- \/ Yoast SEO plugin. -->","yoast_head_json":{"title":"Representaci\u00f3n de productos cer\u00e1micos","description":"Ofrecemos servicios de representaci\u00f3n para marcas de productos cer\u00e1micos con proyecci\u00f3n en los mercados de Oriente Medio y Norte de \u00c1frica.","robots":{"index":"noindex","follow":"follow","max-snippet":"max-snippet:-1","max-image-preview":"max-image-preview:large","max-video-preview":"max-video-preview:-1"},"og_locale":"en_US","og_type":"article","og_title":"Representaci\u00f3n de productos cer\u00e1micos","og_description":"Ofrecemos servicios de representaci\u00f3n para marcas de productos cer\u00e1micos con proyecci\u00f3n en los mercados de Oriente Medio y Norte de \u00c1frica.","og_url":"https:\/\/www.silkrock.com\/en\/services\/","og_site_name":"Silk Rock","article_modified_time":"2023-08-11T09:24:49+00:00","og_image":[{"url":"https:\/\/www.silkrock.com\/wp-content\/uploads\/world-map-english-2048x822.jpg"}],"twitter_card":"summary_large_image","twitter_misc":{"Est. reading time":"4 minutes"},"schema":{"@context":"https:\/\/schema.org","@graph":[{"@type":"WebPage","@id":"https:\/\/www.silkrock.com\/en\/services\/","url":"https:\/\/www.silkrock.com\/en\/services\/","name":"Representaci\u00f3n de productos cer\u00e1micos","isPartOf":{"@id":"https:\/\/www.silkrock.com\/en\/#website"},"datePublished":"2023-04-14T10:49:10+00:00","dateModified":"2023-08-11T09:24:49+00:00","description":"Ofrecemos servicios de representaci\u00f3n para marcas de productos cer\u00e1micos con proyecci\u00f3n en los mercados de Oriente Medio y Norte de \u00c1frica.","breadcrumb":{"@id":"https:\/\/www.silkrock.com\/en\/services\/#breadcrumb"},"inLanguage":"en-US","potentialAction":[{"@type":"ReadAction","target":["https:\/\/www.silkrock.com\/en\/services\/"]}]},{"@type":"BreadcrumbList","@id":"https:\/\/www.silkrock.com\/en\/services\/#breadcrumb","itemListElement":[{"@type":"ListItem","position":1,"name":"Inicio","item":"https:\/\/www.silkrock.com\/en\/home\/"},{"@type":"ListItem","position":2,"name":"Services"}]},{"@type":"WebSite","@id":"https:\/\/www.silkrock.com\/en\/#website","url":"https:\/\/www.silkrock.com\/en\/","name":"Silk Rock","description":"","publisher":{"@id":"https:\/\/www.silkrock.com\/en\/#organization"},"potentialAction":[{"@type":"SearchAction","target":{"@type":"EntryPoint","urlTemplate":"https:\/\/www.silkrock.com\/en\/?s={search_term_string}"},"query-input":"required name=search_term_string"}],"inLanguage":"en-US"},{"@type":"Organization","@id":"https:\/\/www.silkrock.com\/en\/#organization","name":"Silk Rock","url":"https:\/\/www.silkrock.com\/en\/","logo":{"@type":"ImageObject","inLanguage":"en-US","@id":"https:\/\/www.silkrock.com\/en\/#\/schema\/logo\/image\/","url":"https:\/\/www.silkrock.com\/wp-content\/uploads\/LOGO-Silk-Rock-invertido-scaled.jpg","contentUrl":"https:\/\/www.silkrock.com\/wp-content\/uploads\/LOGO-Silk-Rock-invertido-scaled.jpg","width":1850,"height":2560,"caption":"Silk Rock"},"image":{"@id":"https:\/\/www.silkrock.com\/en\/#\/schema\/logo\/image\/"}}]}},"_links":{"self":[{"href":"https:\/\/www.silkrock.com\/en\/wp-json\/wp\/v2\/pages\/944","targetHints":{"allow":["GET"]}}],"collection":[{"href":"https:\/\/www.silkrock.com\/en\/wp-json\/wp\/v2\/pages"}],"about":[{"href":"https:\/\/www.silkrock.com\/en\/wp-json\/wp\/v2\/types\/page"}],"author":[{"embeddable":true,"href":"https:\/\/www.silkrock.com\/en\/wp-json\/wp\/v2\/users\/1"}],"replies":[{"embeddable":true,"href":"https:\/\/www.silkrock.com\/en\/wp-json\/wp\/v2\/comments?post=944"}],"version-history":[{"count":10,"href":"https:\/\/www.silkrock.com\/en\/wp-json\/wp\/v2\/pages\/944\/revisions"}],"predecessor-version":[{"id":993,"href":"https:\/\/www.silkrock.com\/en\/wp-json\/wp\/v2\/pages\/944\/revisions\/993"}],"wp:attachment":[{"href":"https:\/\/www.silkrock.com\/en\/wp-json\/wp\/v2\/media?parent=944"}],"curies":[{"name":"wp","href":"https:\/\/api.w.org\/{rel}","templated":true}]}}