{"id":950,"date":"2023-04-17T11:37:15","date_gmt":"2023-04-17T09:37:15","guid":{"rendered":"https:\/\/www.silkrock.com\/politica-de-cookies\/"},"modified":"2023-08-10T16:34:48","modified_gmt":"2023-08-10T14:34:48","slug":"cookies-policy","status":"publish","type":"page","link":"https:\/\/www.silkrock.com\/en\/cookies-policy\/","title":{"rendered":"Cookies policy"},"content":{"rendered":"<p><strong>1.- ANTECEDENTES<\/strong><\/p>\n<p>De conformidad con la normativa espa\u00f1ola que regula el uso de cookies, le informamos sobre las cookies utilizadas en este sitio web.<\/p>\n<p><strong>\u00a0<\/strong><\/p>\n<p><strong>2.- \u00bfQUE SON LAS COOKIES?<\/strong><\/p>\n<p>Una cookie es un fichero que se descarga en el ordenador del usuario al acceder a determinadas p\u00e1ginas web y que almacenan y recuperan informaci\u00f3n cuando navega. Las cookies permiten, entre otras cosas, reconocerte como usuario, obtener informaci\u00f3n sobre los h\u00e1bitos de navegaci\u00f3n del usuario, o personalizar la forma en que se muestra el contenido. Los usos de las cookies realizado por esta p\u00e1gina web, se describen en esta Pol\u00edtica de Cookies.<\/p>\n<p>&nbsp;<\/p>\n<p><strong>3.- TIPOS DE COOKIES<\/strong><\/p>\n<p>Las cookies se pueden clasificar de la siguiente forma:<\/p>\n<p>&nbsp;<\/p>\n<p><strong><u>Cookies seg\u00fan la entidad que las gestiona<\/u><\/strong>:<\/p>\n<p>1.- <strong>Cookies propias<\/strong>: Son aqu\u00e9llas que se env\u00edan al equipo terminal del usuario desde un equipo o dominio gestionado por el propio editor y desde el que se presta el servicio solicitado por el usuario.<\/p>\n<p>2.- <strong>Cookies de terceros<\/strong>: Son aqu\u00e9llas que se env\u00edan al equipo terminal del usuario desde un equipo o dominio que no es gestionado por el editor, sino por otra entidad que trata los datos obtenidos trav\u00e9s de las cookies.<\/p>\n<p>&nbsp;<\/p>\n<p><strong><u>Cookies seg\u00fan la finalidad<\/u><\/strong>:<\/p>\n<p>1.- <strong>Cookies t\u00e9cnicas:<\/strong> son aquellas que permiten al usuario la navegaci\u00f3n a trav\u00e9s de una p\u00e1gina web, plataforma o aplicaci\u00f3n y la utilizaci\u00f3n de las diferentes opciones o servicios que en ella existan, incluyendo aquellas que el editor utiliza para permitir la gesti\u00f3n y operativa de la p\u00e1gina web y habilitar sus funciones y servicios.<\/p>\n<p>2.-<strong> Cookies de preferencias o personalizaci\u00f3n:<\/strong> son aquellas que permiten recordar informaci\u00f3n para que el usuario acceda al servicio con determinadas caracter\u00edsticas que pueden diferencias su experiencia de la de otros usuarios.<\/p>\n<p>3.- <strong>Cookies de an\u00e1lisis o medici\u00f3n<\/strong>: Son aqu\u00e9llas que permiten al responsable de las mismas el seguimiento y an\u00e1lisis del comportamiento de los usuarios de los sitios web a los que est\u00e1n vinculadas.<\/p>\n<p>4.- <strong>Cookies de publicidad comportamental<\/strong>: Son aqu\u00e9llas que almacenan informaci\u00f3n del comportamiento de los usuarios obtenida a trav\u00e9s de la observaci\u00f3n continuada de sus h\u00e1bitos de navegaci\u00f3n, lo que permite desarrollar un perfil espec\u00edfico para mostrar publicidad en funci\u00f3n del mismo.<\/p>\n<p>&nbsp;<\/p>\n<p><strong><u>Cookies seg\u00fan el plazo de tiempo que permanecen activadas<\/u><\/strong>:<\/p>\n<p>1.- <strong>Cookies de sesi\u00f3n:<\/strong> son aquellas dise\u00f1adas para recabar y almacenar datos mientras el usuario accede a una p\u00e1gina web.<\/p>\n<p>2.- <strong>Cookies persistentes<\/strong>: son aquellas en las que los datos siguen almacenados en el terminal y pueden ser accedidos y tratados durante un periodo definido por el responsable de la cookie, y que puede ir de unos minutos a varios a\u00f1os.<\/p>\n<p><strong>\u00a0<\/strong><\/p>\n<p><strong>4.- TIPOS DE COOKIES UTILIZADAS POR ESTE SITIO WEB<\/strong><\/p>\n<p>Nuestra p\u00e1gina web utiliza las siguientes cookies:<\/p>\n<table style=\"width: 100%;\">\n<tbody>\n<tr>\n<td width=\"68\"><strong>Nombre<\/strong><\/td>\n<td width=\"83\"><strong>Titularidad <\/strong><\/td>\n<td width=\"95\"><strong>\u00a0 Tipo <\/strong><\/td>\n<td width=\"103\"><strong>Caducidad<\/strong><\/td>\n<td width=\"313\"><strong>Finalidad<\/strong><\/td>\n<\/tr>\n<tr>\n<td width=\"68\">PHPSESSID<\/td>\n<td width=\"83\">PHP<\/td>\n<td width=\"95\">Funcional<\/td>\n<td width=\"103\">Sesi\u00f3n<\/td>\n<td width=\"313\">Identifica la sesi\u00f3n del usuario dentro del motor de PHP<\/td>\n<\/tr>\n<tr>\n<td width=\"68\">wordpress_test_cookie<\/td>\n<td width=\"83\">WordPress<\/td>\n<td width=\"95\">Funcional<\/td>\n<td width=\"103\">Sesi\u00f3n<\/td>\n<td width=\"313\">Esta cookie se usa para que el gestor de contenidos WordPress compruebe si el navegador tiene las cookies activadas<\/td>\n<\/tr>\n<tr>\n<td width=\"68\">wp-wpml_current_language<\/td>\n<td width=\"83\">WPML<\/td>\n<td width=\"95\">Funcional<\/td>\n<td width=\"103\">1 d\u00eda<\/td>\n<td width=\"313\">Designa el c\u00f3digo de pa\u00eds que se calcula seg\u00fan la direcci\u00f3n IP del usuario. Utilizada para determinar qu\u00e9 idioma deber\u00eda usarse para usuarios.<\/td>\n<\/tr>\n<tr>\n<td width=\"68\">Google Fonts API<\/td>\n<td width=\"83\">Google<\/td>\n<td width=\"95\">Estad\u00edstica\/Marketing<\/td>\n<td width=\"103\">2 a\u00f1os<\/td>\n<td width=\"313\">Estas cookies son servidas por Google cuando se carga un fuente a trav\u00e9s de Google Fonts.<\/td>\n<\/tr>\n<tr>\n<td width=\"68\">Google Maps API<\/td>\n<td width=\"83\">Google<\/td>\n<td width=\"95\">Estad\u00edstica\/Marketing<\/td>\n<td width=\"103\">2 a\u00f1os<\/td>\n<td width=\"313\">Estas cookies son servidas por Google cuando se carga un mapa a trav\u00e9s de Google Maps.<\/td>\n<\/tr>\n<tr>\n<td width=\"68\">cmplz_banner-status<br \/>\ncmplz_consented_services<br \/>\ncmplz_functional<br \/>\ncmplz_marketing<br \/>\ncmplz_policy_id<br \/>\ncmplz_preferences<br \/>\ncmplz_statistics<\/td>\n<td width=\"83\">Complianz<\/td>\n<td width=\"95\">Funcional<\/td>\n<td width=\"103\">1 a\u00f1o<\/td>\n<td width=\"313\">Guardan preferencias de consentimiento de cookies.<\/td>\n<\/tr>\n<\/tbody>\n<\/table>\n<p>En caso de aceptar las cookies de terceros, est\u00e1s deber\u00e1n ser eliminadas desde las opciones del navegador, tal y como se describe en el punto 5 de esta pol\u00edtica o desde el sistema ofrecido por el tercero.<\/p>\n<p>&nbsp;<\/p>\n<p><strong>5.- REVOCACI\u00d3N Y ELIMINACI\u00d3N DE COOKIES<\/strong><\/p>\n<p>Cuando acceda por primera vez a nuestra web podr\u00e1 aceptar o rechazar el uso de todas nuestras cookies o si lo prefiere, podr\u00e1 acceder a la configuraci\u00f3n y aceptar las cookies atendiendo al tipo de las mismas, exceptuando las cookies t\u00e9cnicas, las cuales est\u00e1n exceptuadas de necesitar consentimiento del usuario. Podr\u00e1 cambiar sus preferencias en cualquier momento accediendo a nuestro panel de configuraci\u00f3n.<\/p>\n<p>Adem\u00e1s, puede acceder a la configuraci\u00f3n de su navegador para restringir, bloquear o borrar las cookies, siguiendo uno de los siguientes procedimientos, que depende del navegador que utilice:<\/p>\n<p><strong>Google Chrome<\/strong><\/p>\n<p><a href=\"https:\/\/support.google.com\/chrome\/answer\/95647?hl=es\">https:\/\/support.google.com\/chrome\/answer\/95647?hl=es\u00a0<\/a><\/p>\n<p><strong>Microsoft Internet Explorer<\/strong><\/p>\n<p><a href=\"https:\/\/support.microsoft.com\/es-es\/help\/17442\/windows-internet-explorer-delete-manage-cookies#ie=ie-9\">http:\/\/windows.microsoft.com\/es-es\/internet-explorer\/delete-manage-cookies#ie=ie-9\u00a0<\/a><\/p>\n<p><strong>Firefox<\/strong><br \/>\n<a href=\"http:\/\/support.mozilla.org\/es\/kb\/habilitar-y-deshabilitar-cookies-que-los-sitios-we\">http:\/\/support.mozilla.org\/es\/kb\/habilitar-y-deshabilitar-cookies-que-los-sitios-we\u00a0<\/a><\/p>\n<p><strong>Safari , iPad e iPhone<\/strong><br \/>\n<a href=\"https:\/\/support.apple.com\/es-es\/HT201265\">https:\/\/support.apple.com\/es-es\/HT201265<\/a><\/p>\n<p><strong>Opera<\/strong><br \/>\n<a href=\"http:\/\/help.opera.com\/Linux\/10.60\/es-ES\/cookies.html\">http:\/\/help.opera.com\/Linux\/10.60\/es-ES\/cookies.html\u00a0<\/a><\/p>\n<p><strong>\u00a0<\/strong><\/p>\n<p><strong>6.- TERCEROS PRESTADORES DE SERVICIOS<\/strong><\/p>\n<p>En concreto los terceros prestadores de servicios con los que hemos contratado alg\u00fan servicio para el que es necesario la utilizaci\u00f3n de cookies son:<\/p>\n<table style=\"width: 100%;\">\n<tbody>\n<tr>\n<td width=\"132\"><strong>Proveedor<\/strong><\/td>\n<td width=\"539\"><strong>Informaci\u00f3n del Proveedor<\/strong><\/td>\n<\/tr>\n<tr>\n<td width=\"132\">Google<\/td>\n<td width=\"539\">Obtener informaci\u00f3n de la navegaci\u00f3n, medir y analizar la audiencia, generar mapas y fuentes.<\/td>\n<\/tr>\n<\/tbody>\n<\/table>\n<p>En caso de aceptar las cookies de terceros, est\u00e1s deber\u00e1n ser eliminadas desde las opciones del navegador, tal y como se describe en el punto 5 de esta pol\u00edtica o desde el sistema ofrecido por el tercero.<\/p>\n<p>Adem\u00e1s, puedes informarte de las transferencias internacionales a terceros pa\u00edses, que en su caso realizan los terceros identificados en la tabla anterior, en sus correspondientes pol\u00edticas accediendo a trav\u00e9s del enlace ubicado en \u201cinformaci\u00f3n del proveedor\u201d de la tabla anterior.<\/p>\n","protected":false},"excerpt":{"rendered":"<p>1.- ANTECEDENTES De conformidad con la normativa espa\u00f1ola que regula el uso de cookies, le informamos sobre las cookies utilizadas en este sitio web. \u00a0 2.- \u00bfQUE SON LAS COOKIES? Una cookie es un fichero que se descarga en el ordenador del usuario al acceder a determinadas p\u00e1ginas web y que almacenan y recuperan informaci\u00f3n [&hellip;]<\/p>\n","protected":false},"author":1,"featured_media":0,"parent":0,"menu_order":0,"comment_status":"closed","ping_status":"closed","template":"","meta":{"footnotes":""},"class_list":["post-950","page","type-page","status-publish","hentry"],"acf":[],"yoast_head":"<!-- This site is optimized with the Yoast SEO plugin v20.5 - https:\/\/yoast.com\/wordpress\/plugins\/seo\/ -->\n<title>Cookies policy - Silk Rock<\/title>\n<meta name=\"robots\" content=\"noindex, follow, max-snippet:-1, max-image-preview:large, max-video-preview:-1\" \/>\n<meta property=\"og:locale\" content=\"en_US\" \/>\n<meta property=\"og:type\" content=\"article\" \/>\n<meta property=\"og:title\" content=\"Cookies policy - Silk Rock\" \/>\n<meta property=\"og:description\" content=\"1.- ANTECEDENTES De conformidad con la normativa espa\u00f1ola que regula el uso de cookies, le informamos sobre las cookies utilizadas en este sitio web. \u00a0 2.- \u00bfQUE SON LAS COOKIES? Una cookie es un fichero que se descarga en el ordenador del usuario al acceder a determinadas p\u00e1ginas web y que almacenan y recuperan informaci\u00f3n [&hellip;]\" \/>\n<meta property=\"og:url\" content=\"https:\/\/www.silkrock.com\/en\/cookies-policy\/\" \/>\n<meta property=\"og:site_name\" content=\"Silk Rock\" \/>\n<meta property=\"article:modified_time\" content=\"2023-08-10T14:34:48+00:00\" \/>\n<meta name=\"twitter:card\" content=\"summary_large_image\" \/>\n<meta name=\"twitter:label1\" content=\"Est. reading time\" \/>\n\t<meta name=\"twitter:data1\" content=\"4 minutes\" \/>\n<script type=\"application\/ld+json\" class=\"yoast-schema-graph\">{\"@context\":\"https:\/\/schema.org\",\"@graph\":[{\"@type\":\"WebPage\",\"@id\":\"https:\/\/www.silkrock.com\/en\/cookies-policy\/\",\"url\":\"https:\/\/www.silkrock.com\/en\/cookies-policy\/\",\"name\":\"Cookies policy - Silk Rock\",\"isPartOf\":{\"@id\":\"https:\/\/www.silkrock.com\/en\/#website\"},\"datePublished\":\"2023-04-17T09:37:15+00:00\",\"dateModified\":\"2023-08-10T14:34:48+00:00\",\"breadcrumb\":{\"@id\":\"https:\/\/www.silkrock.com\/en\/cookies-policy\/#breadcrumb\"},\"inLanguage\":\"en-US\",\"potentialAction\":[{\"@type\":\"ReadAction\",\"target\":[\"https:\/\/www.silkrock.com\/en\/cookies-policy\/\"]}]},{\"@type\":\"BreadcrumbList\",\"@id\":\"https:\/\/www.silkrock.com\/en\/cookies-policy\/#breadcrumb\",\"itemListElement\":[{\"@type\":\"ListItem\",\"position\":1,\"name\":\"Inicio\",\"item\":\"https:\/\/www.silkrock.com\/en\/home\/\"},{\"@type\":\"ListItem\",\"position\":2,\"name\":\"Cookies policy\"}]},{\"@type\":\"WebSite\",\"@id\":\"https:\/\/www.silkrock.com\/en\/#website\",\"url\":\"https:\/\/www.silkrock.com\/en\/\",\"name\":\"Silk Rock\",\"description\":\"\",\"publisher\":{\"@id\":\"https:\/\/www.silkrock.com\/en\/#organization\"},\"potentialAction\":[{\"@type\":\"SearchAction\",\"target\":{\"@type\":\"EntryPoint\",\"urlTemplate\":\"https:\/\/www.silkrock.com\/en\/?s={search_term_string}\"},\"query-input\":\"required name=search_term_string\"}],\"inLanguage\":\"en-US\"},{\"@type\":\"Organization\",\"@id\":\"https:\/\/www.silkrock.com\/en\/#organization\",\"name\":\"Silk Rock\",\"url\":\"https:\/\/www.silkrock.com\/en\/\",\"logo\":{\"@type\":\"ImageObject\",\"inLanguage\":\"en-US\",\"@id\":\"https:\/\/www.silkrock.com\/en\/#\/schema\/logo\/image\/\",\"url\":\"https:\/\/www.silkrock.com\/wp-content\/uploads\/LOGO-Silk-Rock-invertido-scaled.jpg\",\"contentUrl\":\"https:\/\/www.silkrock.com\/wp-content\/uploads\/LOGO-Silk-Rock-invertido-scaled.jpg\",\"width\":1850,\"height\":2560,\"caption\":\"Silk Rock\"},\"image\":{\"@id\":\"https:\/\/www.silkrock.com\/en\/#\/schema\/logo\/image\/\"}}]}<\/script>\n<!-- \/ Yoast SEO plugin. -->","yoast_head_json":{"title":"Cookies policy - Silk Rock","robots":{"index":"noindex","follow":"follow","max-snippet":"max-snippet:-1","max-image-preview":"max-image-preview:large","max-video-preview":"max-video-preview:-1"},"og_locale":"en_US","og_type":"article","og_title":"Cookies policy - Silk Rock","og_description":"1.- ANTECEDENTES De conformidad con la normativa espa\u00f1ola que regula el uso de cookies, le informamos sobre las cookies utilizadas en este sitio web. \u00a0 2.- \u00bfQUE SON LAS COOKIES? Una cookie es un fichero que se descarga en el ordenador del usuario al acceder a determinadas p\u00e1ginas web y que almacenan y recuperan informaci\u00f3n [&hellip;]","og_url":"https:\/\/www.silkrock.com\/en\/cookies-policy\/","og_site_name":"Silk Rock","article_modified_time":"2023-08-10T14:34:48+00:00","twitter_card":"summary_large_image","twitter_misc":{"Est. reading time":"4 minutes"},"schema":{"@context":"https:\/\/schema.org","@graph":[{"@type":"WebPage","@id":"https:\/\/www.silkrock.com\/en\/cookies-policy\/","url":"https:\/\/www.silkrock.com\/en\/cookies-policy\/","name":"Cookies policy - Silk Rock","isPartOf":{"@id":"https:\/\/www.silkrock.com\/en\/#website"},"datePublished":"2023-04-17T09:37:15+00:00","dateModified":"2023-08-10T14:34:48+00:00","breadcrumb":{"@id":"https:\/\/www.silkrock.com\/en\/cookies-policy\/#breadcrumb"},"inLanguage":"en-US","potentialAction":[{"@type":"ReadAction","target":["https:\/\/www.silkrock.com\/en\/cookies-policy\/"]}]},{"@type":"BreadcrumbList","@id":"https:\/\/www.silkrock.com\/en\/cookies-policy\/#breadcrumb","itemListElement":[{"@type":"ListItem","position":1,"name":"Inicio","item":"https:\/\/www.silkrock.com\/en\/home\/"},{"@type":"ListItem","position":2,"name":"Cookies policy"}]},{"@type":"WebSite","@id":"https:\/\/www.silkrock.com\/en\/#website","url":"https:\/\/www.silkrock.com\/en\/","name":"Silk Rock","description":"","publisher":{"@id":"https:\/\/www.silkrock.com\/en\/#organization"},"potentialAction":[{"@type":"SearchAction","target":{"@type":"EntryPoint","urlTemplate":"https:\/\/www.silkrock.com\/en\/?s={search_term_string}"},"query-input":"required name=search_term_string"}],"inLanguage":"en-US"},{"@type":"Organization","@id":"https:\/\/www.silkrock.com\/en\/#organization","name":"Silk Rock","url":"https:\/\/www.silkrock.com\/en\/","logo":{"@type":"ImageObject","inLanguage":"en-US","@id":"https:\/\/www.silkrock.com\/en\/#\/schema\/logo\/image\/","url":"https:\/\/www.silkrock.com\/wp-content\/uploads\/LOGO-Silk-Rock-invertido-scaled.jpg","contentUrl":"https:\/\/www.silkrock.com\/wp-content\/uploads\/LOGO-Silk-Rock-invertido-scaled.jpg","width":1850,"height":2560,"caption":"Silk Rock"},"image":{"@id":"https:\/\/www.silkrock.com\/en\/#\/schema\/logo\/image\/"}}]}},"_links":{"self":[{"href":"https:\/\/www.silkrock.com\/en\/wp-json\/wp\/v2\/pages\/950","targetHints":{"allow":["GET"]}}],"collection":[{"href":"https:\/\/www.silkrock.com\/en\/wp-json\/wp\/v2\/pages"}],"about":[{"href":"https:\/\/www.silkrock.com\/en\/wp-json\/wp\/v2\/types\/page"}],"author":[{"embeddable":true,"href":"https:\/\/www.silkrock.com\/en\/wp-json\/wp\/v2\/users\/1"}],"replies":[{"embeddable":true,"href":"https:\/\/www.silkrock.com\/en\/wp-json\/wp\/v2\/comments?post=950"}],"version-history":[{"count":1,"href":"https:\/\/www.silkrock.com\/en\/wp-json\/wp\/v2\/pages\/950\/revisions"}],"predecessor-version":[{"id":955,"href":"https:\/\/www.silkrock.com\/en\/wp-json\/wp\/v2\/pages\/950\/revisions\/955"}],"wp:attachment":[{"href":"https:\/\/www.silkrock.com\/en\/wp-json\/wp\/v2\/media?parent=950"}],"curies":[{"name":"wp","href":"https:\/\/api.w.org\/{rel}","templated":true}]}}