{"id":951,"date":"2023-04-17T11:37:25","date_gmt":"2023-04-17T09:37:25","guid":{"rendered":"https:\/\/www.silkrock.com\/aviso-legal\/"},"modified":"2024-01-10T10:05:14","modified_gmt":"2024-01-10T09:05:14","slug":"legal-warning","status":"publish","type":"page","link":"https:\/\/www.silkrock.com\/en\/legal-warning\/","title":{"rendered":"Legal warning"},"content":{"rendered":"<p>En cumplimiento del art. 10 de la Ley 34\/2002, de 11 de julio, de Servicios de la Sociedad de la Informaci\u00f3n y de Comercio Electr\u00f3nico (LSSI+CE), se le informa:<\/p>\n<p>El titular de la p\u00e1gina https:\/\/silkrock.iwigo.es es:<\/p>\n<table style=\"width: 100%;\">\n<tbody>\n<tr>\n<td>Denominaci\u00f3n Social<\/td>\n<td>SILK ROCK S.L.U.<\/td>\n<\/tr>\n<tr>\n<td>CIF<\/td>\n<td>B12458923<\/td>\n<\/tr>\n<tr>\n<td>Domicilio<\/td>\n<td>C\/ Apeadero Miralcamp, 3 Pol\u00edgono industrial Sis Quarts, 12200 de Onda (Castell\u00f3n De La Plana)<\/td>\n<\/tr>\n<tr>\n<td>Telephone<\/td>\n<td>964626129<\/td>\n<\/tr>\n<tr>\n<td>Email<\/td>\n<td>silkrock@silkrock.iwigo.es<\/td>\n<\/tr>\n<tr>\n<td>Datos Registrales<\/td>\n<td>Inscrita en el Registro Mercantil de Castell\u00f3n, Tomo 897, Libro 462, Folio 8, Secci\u00f3n 8, Hoja CS 12773<\/td>\n<\/tr>\n<\/tbody>\n<\/table>\n<p>El presente Aviso Legal se encuentra redactado en idioma Castellano.<\/p>\n<p>&nbsp;<\/p>\n<p><strong>Sus Datos<\/strong><\/p>\n<p>La informaci\u00f3n o datos personales que el usuario facilite ser\u00e1n tratados con arreglo a lo establecido en las Pol\u00edticas de Protecci\u00f3n de Datos. El usuario declara que toda la informaci\u00f3n o datos que sean facilitados son veraces y se corresponden con la realidad.<\/p>\n<p>&nbsp;<\/p>\n<p><strong>Privacidad\/Protecci\u00f3n de datos personales<\/strong><\/p>\n<p>SILK ROCK S.L.U. cumple con las directrices Reglamento General de Protecci\u00f3n de datos (Reglamento (UE) 2016\/679) y dem\u00e1s normativa vigente en cada momento, y vela por garantizar un correcto uso y tratamiento de los datos personales del usuario.<\/p>\n<p>Para ello, junto a cada formulario de recabo de datos de car\u00e1cter personal, se har\u00e1 saber al usuario de la existencia y aceptaci\u00f3n de las condiciones particulares del tratamiento de sus datos en cada caso, inform\u00e1ndole del responsable del tratamiento, la direcci\u00f3n del responsable, la posibilidad de ejercer sus derechos de acceso, rectificaci\u00f3n, supresi\u00f3n, oposici\u00f3n, limitaci\u00f3n y portabilidad, la finalidad del tratamiento y las comunicaciones de datos a terceros en su caso.<\/p>\n<p>Asimismo, SILK ROCK S.L.U. creadora del sitio web informa que da cumplimiento a la Ley 34\/2002 de 11 de julio, de Servicios de la Sociedad de la Informaci\u00f3n y el Comercio Electr\u00f3nico y solicitar\u00e1 al usuario su consentimiento al tratamiento de su correo electr\u00f3nico con fines comerciales en cada momento.<\/p>\n<p>&nbsp;<\/p>\n<p><strong>Menores de edad<\/strong><\/p>\n<p>Los contenidos de la P\u00e1gina Web est\u00e1n dirigidos a personas mayores de edad. SILK ROCK S.L.U. no pretende obtener datos de personas menores de edad. Cuando SILK ROCK S.L.U. tenga conocimiento de que existen en su fichero datos de car\u00e1cter personal de un menor, proceder\u00e1 de inmediato a cancelar dichos datos.<\/p>\n<p>&nbsp;<\/p>\n<p><strong>Obligaciones del usuario<\/strong><\/p>\n<p>El usuario deber\u00e1 respetar en todo momento los t\u00e9rminos y condiciones establecidos por la p\u00e1gina web.<\/p>\n<p>El usuario utilizar\u00e1 la p\u00e1gina web de forma diligente y asumiendo cualquier responsabilidad que pudiera derivarse al incumplir los t\u00e9rminos y condiciones de la p\u00e1gina web.<\/p>\n<p>El usuario no podr\u00e1 utilizar la p\u00e1gina web para transmitir, almacenar, divulgar, promover o distribuir datos o contenidos que sean portadores de virus o cualquier otro c\u00f3digo inform\u00e1tico, archivos o programas dise\u00f1ados para interrumpir, destruir o perjudicar el funcionamiento de cualquier programa o equipo inform\u00e1tico o de telecomunicaciones.<\/p>\n<p>&nbsp;<\/p>\n<p><strong>Propiedad Industrial e Intelectual<\/strong><\/p>\n<p>SILK ROCK S.L.U. por s\u00ed o como cesionaria, es titular de todos los derechos de propiedad intelectual e industrial de su p\u00e1gina web, as\u00ed como de los elementos contenidos en la misma (a t\u00edtulo enunciativo, im\u00e1genes, sonido, audio, v\u00eddeo, software o textos; marcas o logotipos, combinaciones de colores, estructura y dise\u00f1o, selecci\u00f3n de materiales usados, programas de ordenador necesarios para su funcionamiento, acceso y uso, etc.).<\/p>\n<p>En virtud de lo dispuesto en los art\u00edculos 8 y 32.1, p\u00e1rrafo segundo, de la Ley de Propiedad Intelectual, quedan expresamente prohibidas la reproducci\u00f3n, la distribuci\u00f3n y la comunicaci\u00f3n p\u00fablica, incluida su modalidad de puesta a disposici\u00f3n, de la totalidad o parte de los contenidos de esta p\u00e1gina web, con fines comerciales, en cualquier soporte y por cualquier medio t\u00e9cnico, sin la autorizaci\u00f3n de SILK ROCK S.L.U. Todos los derechos reservados.<\/p>\n<p>El USUARIO se compromete a respetar los derechos de Propiedad Intelectual e Industrial titularidad de SILK ROCK S.L.U. Podr\u00e1 visualizar los elementos del portal e incluso imprimirlos, copiarlos y almacenarlos en el disco duro de su ordenador o en cualquier otro soporte f\u00edsico siempre y cuando sea, \u00fanica y exclusivamente, para su uso personal y privado. El USUARIO deber\u00e1 abstenerse de suprimir, alterar, eludir o manipular cualquier dispositivo de protecci\u00f3n o sistema de seguridad que estuviera instalado en las p\u00e1ginas de SILK ROCK S.L.U.<\/p>\n<p>&nbsp;<\/p>\n<p><strong>Derecho de exclusi\u00f3n<\/strong><\/p>\n<p>SILK ROCK S.L.U. se reserva el derecho a denegar o retirar el acceso a portal y\/o los servicios ofrecidos sin necesidad de preaviso, a instancia propia o de un tercero, a aquellos usuarios que incumplan las Condiciones de Uso del portal.<\/p>\n<p>SILK ROCK S.L.U. perseguir\u00e1 el incumplimiento de las Condiciones de Uso del portal, as\u00ed como cualquier utilizaci\u00f3n indebida de su portal ejerciendo todas las acciones civiles y penales que le puedan corresponder en derecho.<\/p>\n<p>&nbsp;<\/p>\n<p><strong>Modificaciones y enlaces<\/strong><\/p>\n<p>SILK ROCK S.L.U. se reserva el derecho de efectuar sin previo aviso las modificaciones que considere oportunas en su sitio web, pudiendo cambiar, suprimir o a\u00f1adir tanto los contenidos y servicios que presta como la forma en la que \u00e9stos aparezcan presentados o localizados, as\u00ed como en las Condiciones Generales de Contrataci\u00f3n aqu\u00ed determinadas.<\/p>\n<p>SILK ROCK S.L.U. no se responsabiliza del mal uso que se realice de los contenidos de su p\u00e1gina web, siendo exclusiva responsabilidad de la persona que accede a ellos o los utiliza.<\/p>\n<p>En el caso de que en https:\/\/silkrock.iwigo.es se dispusiesen enlaces o hiperv\u00ednculos hac\u00eda otros sitios de Internet, SILK ROCK S.L.U. creadora del sitio web no ejercer\u00e1 ning\u00fan tipo de control sobre dichos sitios y contenidos. En ning\u00fan caso SILK ROCK S.L.U. creadora del sitio web asumir\u00e1 responsabilidad alguna por los contenidos de alg\u00fan enlace perteneciente a un sitio web ajeno, ni garantizar\u00e1 la disponibilidad t\u00e9cnica, calidad, fiabilidad, exactitud, amplitud, veracidad, validez y constitucionalidad de cualquier material o informaci\u00f3n contenida en ninguno de dichos hiperv\u00ednculos u otros sitios de Internet. Igualmente, la inclusi\u00f3n de estas conexiones externas no implicar\u00e1 ning\u00fan tipo de asociaci\u00f3n, fusi\u00f3n o participaci\u00f3n con las entidades conectadas.<\/p>\n<p>&nbsp;<\/p>\n<p><strong>Ley aplicable y jurisdicci\u00f3n competente<\/strong><\/p>\n<p>Las condiciones de uso de la P\u00e1gina Web contenidas en este Aviso Legal, as\u00ed como las relaciones entre el usuario y SILK ROCK S.L.U., se regir\u00e1n e interpretar\u00e1n de acuerdo con las leyes espa\u00f1olas. Para la soluci\u00f3n de cualquier conflicto que pudiera suscitarse, el usuario y SILK ROCK S.L.U. se someten expresamente a la competencia y jurisdicci\u00f3n de los juzgados y tribunales de la ciudad de CASTELLON DE LA PLANA, renunciando expresamente a cualquier otro fuero que pudiese corresponderles.<\/p>\n","protected":false},"excerpt":{"rendered":"<p>En cumplimiento del art. 10 de la Ley 34\/2002, de 11 de julio, de Servicios de la Sociedad de la Informaci\u00f3n y de Comercio Electr\u00f3nico (LSSI+CE), se le informa: El titular de la p\u00e1gina https:\/\/silkrock.iwigo.es es: Denominaci\u00f3n Social SILK ROCK S.L.U. CIF B12458923 Domicilio C\/ Apeadero Miralcamp, 3 Pol\u00edgono industrial Sis Quarts, 12200 de Onda [&hellip;]<\/p>\n","protected":false},"author":1,"featured_media":0,"parent":0,"menu_order":0,"comment_status":"closed","ping_status":"closed","template":"","meta":{"footnotes":""},"class_list":["post-951","page","type-page","status-publish","hentry"],"acf":[],"yoast_head":"<!-- This site is optimized with the Yoast SEO plugin v20.5 - https:\/\/yoast.com\/wordpress\/plugins\/seo\/ -->\n<title>Legal warning - Silk Rock<\/title>\n<meta name=\"robots\" content=\"noindex, follow, max-snippet:-1, max-image-preview:large, max-video-preview:-1\" \/>\n<meta property=\"og:locale\" content=\"en_US\" \/>\n<meta property=\"og:type\" content=\"article\" \/>\n<meta property=\"og:title\" content=\"Legal warning - Silk Rock\" \/>\n<meta property=\"og:description\" content=\"En cumplimiento del art. 10 de la Ley 34\/2002, de 11 de julio, de Servicios de la Sociedad de la Informaci\u00f3n y de Comercio Electr\u00f3nico (LSSI+CE), se le informa: El titular de la p\u00e1gina https:\/\/silkrock.iwigo.es es: Denominaci\u00f3n Social SILK ROCK S.L.U. CIF B12458923 Domicilio C\/ Apeadero Miralcamp, 3 Pol\u00edgono industrial Sis Quarts, 12200 de Onda [&hellip;]\" \/>\n<meta property=\"og:url\" content=\"https:\/\/www.silkrock.com\/en\/legal-warning\/\" \/>\n<meta property=\"og:site_name\" content=\"Silk Rock\" \/>\n<meta property=\"article:modified_time\" content=\"2024-01-10T09:05:14+00:00\" \/>\n<meta name=\"twitter:card\" content=\"summary_large_image\" \/>\n<meta name=\"twitter:label1\" content=\"Est. reading time\" \/>\n\t<meta name=\"twitter:data1\" content=\"5 minutes\" \/>\n<script type=\"application\/ld+json\" class=\"yoast-schema-graph\">{\"@context\":\"https:\/\/schema.org\",\"@graph\":[{\"@type\":\"WebPage\",\"@id\":\"https:\/\/www.silkrock.com\/en\/legal-warning\/\",\"url\":\"https:\/\/www.silkrock.com\/en\/legal-warning\/\",\"name\":\"Legal warning - Silk Rock\",\"isPartOf\":{\"@id\":\"https:\/\/www.silkrock.com\/en\/#website\"},\"datePublished\":\"2023-04-17T09:37:25+00:00\",\"dateModified\":\"2024-01-10T09:05:14+00:00\",\"breadcrumb\":{\"@id\":\"https:\/\/www.silkrock.com\/en\/legal-warning\/#breadcrumb\"},\"inLanguage\":\"en-US\",\"potentialAction\":[{\"@type\":\"ReadAction\",\"target\":[\"https:\/\/www.silkrock.com\/en\/legal-warning\/\"]}]},{\"@type\":\"BreadcrumbList\",\"@id\":\"https:\/\/www.silkrock.com\/en\/legal-warning\/#breadcrumb\",\"itemListElement\":[{\"@type\":\"ListItem\",\"position\":1,\"name\":\"Inicio\",\"item\":\"https:\/\/www.silkrock.com\/en\/home\/\"},{\"@type\":\"ListItem\",\"position\":2,\"name\":\"Legal warning\"}]},{\"@type\":\"WebSite\",\"@id\":\"https:\/\/www.silkrock.com\/en\/#website\",\"url\":\"https:\/\/www.silkrock.com\/en\/\",\"name\":\"Silk Rock\",\"description\":\"\",\"publisher\":{\"@id\":\"https:\/\/www.silkrock.com\/en\/#organization\"},\"potentialAction\":[{\"@type\":\"SearchAction\",\"target\":{\"@type\":\"EntryPoint\",\"urlTemplate\":\"https:\/\/www.silkrock.com\/en\/?s={search_term_string}\"},\"query-input\":\"required name=search_term_string\"}],\"inLanguage\":\"en-US\"},{\"@type\":\"Organization\",\"@id\":\"https:\/\/www.silkrock.com\/en\/#organization\",\"name\":\"Silk Rock\",\"url\":\"https:\/\/www.silkrock.com\/en\/\",\"logo\":{\"@type\":\"ImageObject\",\"inLanguage\":\"en-US\",\"@id\":\"https:\/\/www.silkrock.com\/en\/#\/schema\/logo\/image\/\",\"url\":\"https:\/\/www.silkrock.com\/wp-content\/uploads\/LOGO-Silk-Rock-invertido-scaled.jpg\",\"contentUrl\":\"https:\/\/www.silkrock.com\/wp-content\/uploads\/LOGO-Silk-Rock-invertido-scaled.jpg\",\"width\":1850,\"height\":2560,\"caption\":\"Silk Rock\"},\"image\":{\"@id\":\"https:\/\/www.silkrock.com\/en\/#\/schema\/logo\/image\/\"}}]}<\/script>\n<!-- \/ Yoast SEO plugin. -->","yoast_head_json":{"title":"Legal warning - Silk Rock","robots":{"index":"noindex","follow":"follow","max-snippet":"max-snippet:-1","max-image-preview":"max-image-preview:large","max-video-preview":"max-video-preview:-1"},"og_locale":"en_US","og_type":"article","og_title":"Legal warning - Silk Rock","og_description":"En cumplimiento del art. 10 de la Ley 34\/2002, de 11 de julio, de Servicios de la Sociedad de la Informaci\u00f3n y de Comercio Electr\u00f3nico (LSSI+CE), se le informa: El titular de la p\u00e1gina https:\/\/silkrock.iwigo.es es: Denominaci\u00f3n Social SILK ROCK S.L.U. CIF B12458923 Domicilio C\/ Apeadero Miralcamp, 3 Pol\u00edgono industrial Sis Quarts, 12200 de Onda [&hellip;]","og_url":"https:\/\/www.silkrock.com\/en\/legal-warning\/","og_site_name":"Silk Rock","article_modified_time":"2024-01-10T09:05:14+00:00","twitter_card":"summary_large_image","twitter_misc":{"Est. reading time":"5 minutes"},"schema":{"@context":"https:\/\/schema.org","@graph":[{"@type":"WebPage","@id":"https:\/\/www.silkrock.com\/en\/legal-warning\/","url":"https:\/\/www.silkrock.com\/en\/legal-warning\/","name":"Legal warning - Silk Rock","isPartOf":{"@id":"https:\/\/www.silkrock.com\/en\/#website"},"datePublished":"2023-04-17T09:37:25+00:00","dateModified":"2024-01-10T09:05:14+00:00","breadcrumb":{"@id":"https:\/\/www.silkrock.com\/en\/legal-warning\/#breadcrumb"},"inLanguage":"en-US","potentialAction":[{"@type":"ReadAction","target":["https:\/\/www.silkrock.com\/en\/legal-warning\/"]}]},{"@type":"BreadcrumbList","@id":"https:\/\/www.silkrock.com\/en\/legal-warning\/#breadcrumb","itemListElement":[{"@type":"ListItem","position":1,"name":"Inicio","item":"https:\/\/www.silkrock.com\/en\/home\/"},{"@type":"ListItem","position":2,"name":"Legal warning"}]},{"@type":"WebSite","@id":"https:\/\/www.silkrock.com\/en\/#website","url":"https:\/\/www.silkrock.com\/en\/","name":"Silk Rock","description":"","publisher":{"@id":"https:\/\/www.silkrock.com\/en\/#organization"},"potentialAction":[{"@type":"SearchAction","target":{"@type":"EntryPoint","urlTemplate":"https:\/\/www.silkrock.com\/en\/?s={search_term_string}"},"query-input":"required name=search_term_string"}],"inLanguage":"en-US"},{"@type":"Organization","@id":"https:\/\/www.silkrock.com\/en\/#organization","name":"Silk Rock","url":"https:\/\/www.silkrock.com\/en\/","logo":{"@type":"ImageObject","inLanguage":"en-US","@id":"https:\/\/www.silkrock.com\/en\/#\/schema\/logo\/image\/","url":"https:\/\/www.silkrock.com\/wp-content\/uploads\/LOGO-Silk-Rock-invertido-scaled.jpg","contentUrl":"https:\/\/www.silkrock.com\/wp-content\/uploads\/LOGO-Silk-Rock-invertido-scaled.jpg","width":1850,"height":2560,"caption":"Silk Rock"},"image":{"@id":"https:\/\/www.silkrock.com\/en\/#\/schema\/logo\/image\/"}}]}},"_links":{"self":[{"href":"https:\/\/www.silkrock.com\/en\/wp-json\/wp\/v2\/pages\/951","targetHints":{"allow":["GET"]}}],"collection":[{"href":"https:\/\/www.silkrock.com\/en\/wp-json\/wp\/v2\/pages"}],"about":[{"href":"https:\/\/www.silkrock.com\/en\/wp-json\/wp\/v2\/types\/page"}],"author":[{"embeddable":true,"href":"https:\/\/www.silkrock.com\/en\/wp-json\/wp\/v2\/users\/1"}],"replies":[{"embeddable":true,"href":"https:\/\/www.silkrock.com\/en\/wp-json\/wp\/v2\/comments?post=951"}],"version-history":[{"count":4,"href":"https:\/\/www.silkrock.com\/en\/wp-json\/wp\/v2\/pages\/951\/revisions"}],"predecessor-version":[{"id":1001,"href":"https:\/\/www.silkrock.com\/en\/wp-json\/wp\/v2\/pages\/951\/revisions\/1001"}],"wp:attachment":[{"href":"https:\/\/www.silkrock.com\/en\/wp-json\/wp\/v2\/media?parent=951"}],"curies":[{"name":"wp","href":"https:\/\/api.w.org\/{rel}","templated":true}]}}