{"id":952,"date":"2023-04-14T08:09:43","date_gmt":"2023-04-14T06:09:43","guid":{"rendered":"https:\/\/www.silkrock.com\/politica-privacidad\/"},"modified":"2024-01-10T10:08:30","modified_gmt":"2024-01-10T09:08:30","slug":"privacy-policy","status":"publish","type":"page","link":"https:\/\/www.silkrock.com\/en\/privacy-policy\/","title":{"rendered":"Privacy Policy"},"content":{"rendered":"<p>SILK ROCK S.L.U. en cumplimiento de lo establecido en el Reglamento General de Protecci\u00f3n de datos (RGPD 2016\/679) y la Ley de Protecci\u00f3n de Datos Personales y garant\u00eda de los derechos digitales (LO 3\/2018), informa a los usuarios de la p\u00e1gina web https:\/\/silkrock.iwigo.es:<\/p>\n<p>&nbsp;<\/p>\n<p><strong>1.- \u00bfQui\u00e9n es el responsable del tratamiento de sus datos?<\/strong><\/p>\n<p>SILK ROCK S.L.U. con CIF B12458923 y domicilio a efectos de notificaciones en C\/ Apeadero Miralcamp, 3 Pol\u00edgono industrial Sis Quarts, 12200 de Onda (Castell\u00f3n De La Plana).<\/p>\n<p>Puede contactar llamando al 964626129 o a trav\u00e9s del correo electr\u00f3nico silkrock@silkrock.iwigo.es.<\/p>\n<p>&nbsp;<\/p>\n<p><strong>2.- \u00bfCon que finalidad recogemos sus datos y base jur\u00eddica parar tratar sus datos?<\/strong><\/p>\n<p><u>DATOS PERSONALES DE CLIENTES<\/u><\/p>\n<p><strong>Finalidad:<\/strong> Presupuestar los servicios solicitados<\/p>\n<p><strong>Base Jur\u00eddica:<\/strong> Es la ejecuci\u00f3n de medidas precontractuales a petici\u00f3n del interesado (presupuestos)<\/p>\n<p>&nbsp;<\/p>\n<p><strong>Finalidad:<\/strong> Env\u00edo de informaci\u00f3n comercial<\/p>\n<p><strong>Base Jur\u00eddica:<\/strong> Es el consentimiento<\/p>\n<p>&nbsp;<\/p>\n<p><u>DATOS PERSONALES DE CLIENTES<\/u><\/p>\n<p><strong>Finalidad:<\/strong> Presupuestar los servicios solicitados<\/p>\n<p><strong>Base Jur\u00eddica:<\/strong> Es la ejecuci\u00f3n de medidas precontractuales a petici\u00f3n del interesado (presupuestos)<\/p>\n<p>&nbsp;<\/p>\n<p><strong>Finalidad:<\/strong> Prestaci\u00f3n de los servicios solicitados<\/p>\n<p><strong>Base Jur\u00eddica:<\/strong> Es la ejecuci\u00f3n de un contrato<\/p>\n<p><strong>\u00a0<\/strong><\/p>\n<p><strong>Finalidad:<\/strong> Gesti\u00f3n interna cliente-empresa<\/p>\n<p><strong>Base Jur\u00eddica:<\/strong> Es la obligaci\u00f3n legal de SILK ROCK S.L.U. de cumplir con sus obligaciones fiscales y tributarias<\/p>\n<p>&nbsp;<\/p>\n<p><strong>Finalidad:<\/strong> Gesti\u00f3n administrativa de nuestra empresa<\/p>\n<p><strong>Base Jur\u00eddica:<\/strong> Es la ejecuci\u00f3n de un contrato<\/p>\n<p>&nbsp;<\/p>\n<p><strong>Finalidad:<\/strong> Facturaci\u00f3n de los servicios solicitados, en su caso<\/p>\n<p><strong>Base Jur\u00eddica:<\/strong> Es la obligaci\u00f3n legal de SILK ROCK S.L.U. de cumplir con sus obligaciones fiscales y tributarias<\/p>\n<p>&nbsp;<\/p>\n<p><strong>Finalid<\/strong>ad: Env\u00edo de informaci\u00f3n comercial<\/p>\n<p><strong>Base Jur\u00eddica<\/strong>: Es el inter\u00e9s leg\u00edtimo en base al art. 21.2 de la Ley de Servicios de la Sociedad de la Informaci\u00f3n.<\/p>\n<p>&nbsp;<\/p>\n<p><u>DATOS PERSONALES DE PROVEEDORES<\/u><\/p>\n<p><strong>Finalidad:<\/strong> Gesti\u00f3n del servicio prestado y\/o del aprovisionamiento de productos<\/p>\n<p><strong>Base Jur\u00eddica:<\/strong> Es la ejecuci\u00f3n de un contrato<\/p>\n<p>&nbsp;<\/p>\n<p><strong>Finalidad:<\/strong> Gesti\u00f3n interna proveedor-empresa<\/p>\n<p><strong>Base Jur\u00eddica:<\/strong> Es la obligaci\u00f3n legal de SILK ROCK S.L.U. de cumplir con sus obligaciones fiscales y tributarias<\/p>\n<p>&nbsp;<\/p>\n<p><strong>Finalidad:<\/strong> Gesti\u00f3n administrativa de nuestra empresa<\/p>\n<p><strong>Base Jur\u00eddica:<\/strong> Es la ejecuci\u00f3n de un contrato<\/p>\n<p>&nbsp;<\/p>\n<p><strong>Finalidad:<\/strong> Pago de los servicios prestados, en su caso<\/p>\n<p><strong>Base Jur\u00eddica:<\/strong> Es la obligaci\u00f3n legal de SILK ROCK S.L.U. de cumplir con sus obligaciones fiscales y tributarias<\/p>\n<p>&nbsp;<\/p>\n<p><u>DATOS PERSONALES DE CANDIDATOS<\/u><\/p>\n<p><strong>Finalidad:<\/strong> Que el candidato pueda formar parte de los procesos de selecci\u00f3n realizados por SILK ROCK S.L.U.<\/p>\n<p><strong>Base Jur\u00eddica:<\/strong> Es el consentimiento del candidato<\/p>\n<p>&nbsp;<\/p>\n<p><u>DATOS VIDEOVIGILANCIA<\/u><\/p>\n<p><strong>Finalidad:<\/strong> Videovigilancia de las instalaciones con fines de seguridad y control<\/p>\n<p><strong>Base Jur\u00eddica:<\/strong> Es el inter\u00e9s p\u00fablico en la protecci\u00f3n de las personas, bienes e instalaciones del responsable<\/p>\n<p>&nbsp;<\/p>\n<p><u>DATOS PERSONALES RECOGIDOS EN NUESTRA P\u00c1GINA WEB<\/u><\/p>\n<p>Adem\u00e1s, en esta p\u00e1gina web se recogen datos de car\u00e1cter personal a trav\u00e9s de diferentes formularios. Los datos solicitados en cada formulario son los necesarios para la finalidad por la cual se recogen. La finalidad de tratamiento son los siguientes:<\/p>\n<p>&nbsp;<\/p>\n<p><u>FORMULARIO DE CONTACTO<\/u>:<\/p>\n<p><strong>Finalidad:<\/strong> Poder contestar las consultas planteadas y enviar al usuario la informaci\u00f3n solicitada a trav\u00e9s del correo electr\u00f3nico o tel\u00e9fono indicados en el formulario<\/p>\n<p><strong>Base Jur\u00eddica:<\/strong> Es el consentimiento del usuario<\/p>\n<p>&nbsp;<\/p>\n<p><u>CORREO ELECTRONICO<\/u>:<\/p>\n<p><strong>Finalidad:<\/strong> Si el usuario se pone en contacto a trav\u00e9s del correo electr\u00f3nico publicado en esta p\u00e1gina web, sus datos ser\u00e1n tratados para contestar las consultas planteadas y poderle enviar la informaci\u00f3n solicitada a trav\u00e9s del correo electr\u00f3nico a trav\u00e9s del cual se recibe la consulta<\/p>\n<p><strong>Base Jur\u00eddica:<\/strong> Es el inter\u00e9s leg\u00edtimo de nuestra empresa de responder a las comunicaciones recibidas<\/p>\n<p>&nbsp;<\/p>\n<p><strong>3.- \u00bfQu\u00e9 categor\u00eda de datos tratamos?<\/strong><\/p>\n<p>Los datos que se recaban, de forma enunciativa que no limitativa, se refieren a la categor\u00eda de datos identificativos, como pueden ser: Nombre y apellidos, Tel\u00e9fono, Direcci\u00f3n Postal, Empresa, Correo Electr\u00f3nico; datos econ\u00f3micos y financieros, como pueden ser: Datos Bancarios.<\/p>\n<p>&nbsp;<\/p>\n<p><strong>4.- \u00bfCu\u00e1nto tiempo conservamos sus datos?<\/strong><\/p>\n<p><u>DATOS PERSONALES DE CLIENTES POTENCIALES<\/u><\/p>\n<p>Los datos personales facilitados ser\u00e1n conservados mientras est\u00e9 vigente el presupuesto realizado o el usuario solicite su supresi\u00f3n. Una vez deje de tener validez el presupuesto o la oferta realizada, sus datos ser\u00e1n suprimidos.<\/p>\n<p>Los datos personales necesarios para el env\u00edo de comunicaciones comerciales ser\u00e1n conservados siempre que no solicite su supresi\u00f3n.<\/p>\n<p>&nbsp;<\/p>\n<p><u>DATOS PERSONALES DE CLIENTES Y PROVEEDORES<\/u><\/p>\n<p>Los datos personales facilitados ser\u00e1n conservados mientras se mantenga la relaci\u00f3n comercial o el usuario solicite su supresi\u00f3n. Finalizada la relaci\u00f3n comercial los datos ser\u00e1n conservados mientras sea necesario para dar cumplimiento a las obligaciones legales. Una vez prescritas las responsabilidades derivadas de dichas obligaciones legales sus datos ser\u00e1n suprimidos.<\/p>\n<p>Los datos personales necesarios para el env\u00edo de comunicaciones comerciales ser\u00e1n conservados siempre que no solicite su supresi\u00f3n.<\/p>\n<p>&nbsp;<\/p>\n<p><u>DATOS PERSONALES DE CANDIDATOS<\/u><\/p>\n<p>Los datos facilitados por el candidato ser\u00e1n conservados durante 1 a\u00f1o.<\/p>\n<p>&nbsp;<\/p>\n<p><u>DATOS PERSONALES FORMULARIOS P\u00c1GINA WEB<\/u><\/p>\n<p>Los datos recogidos a trav\u00e9s de los formularios de nuestra p\u00e1gina web ser\u00e1n conservados mientras sean necesarios para dar cumplimiento a la finalidad por la cual fueron recogidos o el usuario solicite su supresi\u00f3n.<\/p>\n<p><strong>\u00a0<\/strong><\/p>\n<p><strong>5.- \u00bfRealizamos perfiles con sus datos?<\/strong><\/p>\n<p>Con la informaci\u00f3n facilitada por los candidatos a trav\u00e9s de su CV, SILK ROCK S.L.U. podr\u00e1 realizar perfiles con el fin de poder seleccionar el mejor candidato para un puesto de trabajo determinado.<\/p>\n<p><strong>\u00a0<\/strong><\/p>\n<p><strong>6.- \u00bfA qui\u00e9n cedemos sus datos?<\/strong><\/p>\n<p>No se prev\u00e9n cesiones de datos a excepci\u00f3n de las autorizadas por la legislaci\u00f3n fiscal, mercantil y de telecomunicaciones, as\u00ed como en aquellos casos en los que una autoridad judicial nos lo requiera.<\/p>\n<p>SILK ROCK S.L.U. puede compartir datos personales con empresas externas que prestan servicios al SILK ROCK S.L.U.. Con todas estas empresas se formaliza un Contrato de Confidencialidad para garantizar el uso de datos personales de acuerdo a las exigencias de la normativa vigente en Protecci\u00f3n de Datos. A modo enunciativo y sin car\u00e1cter exhaustivo, estas empresas podr\u00e1n ser:<\/p>\n<ul>\n<li>Asesor\u00eda Fiscal y Contable.<\/li>\n<li>Empresas Inform\u00e1ticas.<\/li>\n<\/ul>\n<p>Adem\u00e1s, SILK ROCK S.L.U. puede compartir datos personales con empresa externas, las cuales son responsables, con el fin de poder desarrollar correctamente la actividad. A modo enunciativo y sin car\u00e1cter exhaustivo, estas empresas podr\u00e1n ser:<\/p>\n<ul>\n<li>Empresas de transporte<\/li>\n<\/ul>\n<p>&nbsp;<\/p>\n<p><strong>7.- \u00bfQu\u00e9 terceros prestan servicios en esta web?<\/strong><\/p>\n<p>Para el desarrollo de esta p\u00e1gina web se utilizan los siguientes proveedores de servicios:<\/p>\n<p>Hosting: Los servidores donde est\u00e1 alojada nuestra p\u00e1gina web est\u00e1n ubicados en la UE. Utiliza protocolos seguros con lo que la comunicaci\u00f3n de datos se hace a trav\u00e9s de canal cifrado.<\/p>\n<p><strong>\u00a0<\/strong><\/p>\n<p><strong>8.- \u00bfQu\u00e9 derechos tiene y como ejercerlos?<\/strong><\/p>\n<p>El usuario tiene derecho a <u>acceder<\/u> a sus datos personales, a solicitar la <u>rectificaci\u00f3n<\/u> de los que sean inexactos, as\u00ed como a su <u>supresi\u00f3n<\/u> cuando, entre otros motivos, ya no sean necesarios para los fines que fueron recogidos. En determinadas circunstancias, tambi\u00e9n podr\u00e1 solicitar la <u>limitaci\u00f3n<\/u> de su tratamiento, en cuyo caso \u00fanicamente se conservar\u00e1n para el ejercicio o la defensa de reclamaciones, as\u00ed como pedir la <u>portabilidad<\/u> de sus datos. Por motivos relacionados con su situaci\u00f3n particular, podr\u00e1 <u>oponerse<\/u> al tratamiento de los mismos y SILK ROCK S.L.U. dejar\u00e1 de tratarlos, salvo por motivos leg\u00edtimos imperiosos, o el ejercicio o la defensa de posibles reclamaciones.<\/p>\n<p>El solicitante podr\u00e1 <u>revocar los consentimientos<\/u> prestados en cualquier momento. El solicitante podr\u00e1 ejercer sus derechos a trav\u00e9s del correo electr\u00f3nico silkrock@silkrock.iwigo.es o en las oficinas situadas en C\/ Apeadero Miralcamp, 3 Pol\u00edgono industrial Sis Quarts, 12200 de Onda (Castell\u00f3n De La Plana), adjuntando fotocopia del DNI e indicando el derecho que ejercita. Ud. tambi\u00e9n podr\u00e1 presentar una reclamaci\u00f3n ante la Agencia Espa\u00f1ola de Protecci\u00f3n de Datos.<\/p>\n<p><strong>\u00a0<\/strong><\/p>\n<p><strong>9.- \u00bfQu\u00e9 medidas de seguridad tenemos implantadas?<\/strong><\/p>\n<p>Dentro de nuestro compromiso por garantizar la seguridad y confidencialidad de sus datos de car\u00e1cter personal, le informamos que se han adoptado las medidas de \u00edndole t\u00e9cnica y organizativas necesarias para garantizar la seguridad de los datos de car\u00e1cter personal y evitar su alteraci\u00f3n, p\u00e9rdida, tratamiento o acceso no autorizado, habida cuenta del estado de la tecnolog\u00eda, la naturaleza de los datos almacenados y los riesgos a que est\u00e9n expuestos, seg\u00fan el Art. 32 del RGPD EU 679\/2016.<\/p>\n<p>&nbsp;<\/p>\n<p><strong>10.- \u00bfC\u00f3mo funcionan nuestras redes sociales?<\/strong><\/p>\n<p>A trav\u00e9s de nuestras redes sociales puedes compartir nuestros contenidos o dejarnos tus comentarios, fotos o v\u00eddeos, siempre que sean del inter\u00e9s para toda la comunidad.<\/p>\n<p>Nuestras redes sociales est\u00e1n constantemente supervisadas con el fin de atender vuestras preguntas y comentarios en el menor tiempo posible.<\/p>\n<p>Queremos que sea un espacio del que todos disfrutemos, por lo que es importante que entre todos respetemos unas normas de convivencia:<\/p>\n<ol>\n<li>T\u00fa eres el responsable de los contenidos que publiques, no caigas en la violaci\u00f3n de cualquier derecho, ley o reglamento.<\/li>\n<li>Cuida la redacci\u00f3n y el tono, evita publicar cualquier informaci\u00f3n abusiva, difamatoria u obscena.<\/li>\n<li>Respeta el derecho a la privacidad, no hagas comentarios il\u00edcitos, ofensivos o discriminatorios sobre terceros.<\/li>\n<li>Evita comentarios fraudulentos, enga\u00f1osos o que puedan inducir al error.<\/li>\n<li>No permitimos el spam, ni los mensajes comerciales o publicitarios, no queremos mensajes repetitivos.<\/li>\n<li>No mantendremos conversaciones con perfiles que podamos considerar como falsos.<\/li>\n<\/ol>\n<p>Por favor, ten en cuenta que el contenido publicado por los seguidores en nuestras p\u00e1ginas no necesariamente refleja el punto de vista de nuestra empresa.<\/p>\n<p>Si tus comentarios no cumplen las \u2018Normas de la casa\u2019, podr\u00e1n ser eliminados, ocultados o bloqueados. Cualquiera que publique contenidos no permitidos ser\u00e1 bloqueado de la comunidad.<\/p>\n<p>Nos reservamos el derecho a modificar estas normas en cualquier momento y sin previo aviso.<\/p>\n","protected":false},"excerpt":{"rendered":"<p>SILK ROCK S.L.U. en cumplimiento de lo establecido en el Reglamento General de Protecci\u00f3n de datos (RGPD 2016\/679) y la Ley de Protecci\u00f3n de Datos Personales y garant\u00eda de los derechos digitales (LO 3\/2018), informa a los usuarios de la p\u00e1gina web https:\/\/silkrock.iwigo.es: &nbsp; 1.- \u00bfQui\u00e9n es el responsable del tratamiento de sus datos? SILK [&hellip;]<\/p>\n","protected":false},"author":1,"featured_media":0,"parent":0,"menu_order":0,"comment_status":"closed","ping_status":"open","template":"","meta":{"footnotes":""},"class_list":["post-952","page","type-page","status-publish","hentry"],"acf":[],"yoast_head":"<!-- This site is optimized with the Yoast SEO plugin v20.5 - https:\/\/yoast.com\/wordpress\/plugins\/seo\/ -->\n<title>Privacy Policy - Silk Rock<\/title>\n<meta name=\"robots\" content=\"noindex, follow, max-snippet:-1, max-image-preview:large, max-video-preview:-1\" \/>\n<meta property=\"og:locale\" content=\"en_US\" \/>\n<meta property=\"og:type\" content=\"article\" \/>\n<meta property=\"og:title\" content=\"Privacy Policy - Silk Rock\" \/>\n<meta property=\"og:description\" content=\"SILK ROCK S.L.U. en cumplimiento de lo establecido en el Reglamento General de Protecci\u00f3n de datos (RGPD 2016\/679) y la Ley de Protecci\u00f3n de Datos Personales y garant\u00eda de los derechos digitales (LO 3\/2018), informa a los usuarios de la p\u00e1gina web https:\/\/silkrock.iwigo.es: &nbsp; 1.- \u00bfQui\u00e9n es el responsable del tratamiento de sus datos? SILK [&hellip;]\" \/>\n<meta property=\"og:url\" content=\"https:\/\/www.silkrock.com\/en\/privacy-policy\/\" \/>\n<meta property=\"og:site_name\" content=\"Silk Rock\" \/>\n<meta property=\"article:modified_time\" content=\"2024-01-10T09:08:30+00:00\" \/>\n<meta name=\"twitter:card\" content=\"summary_large_image\" \/>\n<meta name=\"twitter:label1\" content=\"Est. reading time\" \/>\n\t<meta name=\"twitter:data1\" content=\"7 minutes\" \/>\n<script type=\"application\/ld+json\" class=\"yoast-schema-graph\">{\"@context\":\"https:\/\/schema.org\",\"@graph\":[{\"@type\":\"WebPage\",\"@id\":\"https:\/\/www.silkrock.com\/en\/privacy-policy\/\",\"url\":\"https:\/\/www.silkrock.com\/en\/privacy-policy\/\",\"name\":\"Privacy Policy - Silk Rock\",\"isPartOf\":{\"@id\":\"https:\/\/www.silkrock.com\/en\/#website\"},\"datePublished\":\"2023-04-14T06:09:43+00:00\",\"dateModified\":\"2024-01-10T09:08:30+00:00\",\"breadcrumb\":{\"@id\":\"https:\/\/www.silkrock.com\/en\/privacy-policy\/#breadcrumb\"},\"inLanguage\":\"en-US\",\"potentialAction\":[{\"@type\":\"ReadAction\",\"target\":[\"https:\/\/www.silkrock.com\/en\/privacy-policy\/\"]}]},{\"@type\":\"BreadcrumbList\",\"@id\":\"https:\/\/www.silkrock.com\/en\/privacy-policy\/#breadcrumb\",\"itemListElement\":[{\"@type\":\"ListItem\",\"position\":1,\"name\":\"Inicio\",\"item\":\"https:\/\/www.silkrock.com\/en\/home\/\"},{\"@type\":\"ListItem\",\"position\":2,\"name\":\"Privacy Policy\"}]},{\"@type\":\"WebSite\",\"@id\":\"https:\/\/www.silkrock.com\/en\/#website\",\"url\":\"https:\/\/www.silkrock.com\/en\/\",\"name\":\"Silk Rock\",\"description\":\"\",\"publisher\":{\"@id\":\"https:\/\/www.silkrock.com\/en\/#organization\"},\"potentialAction\":[{\"@type\":\"SearchAction\",\"target\":{\"@type\":\"EntryPoint\",\"urlTemplate\":\"https:\/\/www.silkrock.com\/en\/?s={search_term_string}\"},\"query-input\":\"required name=search_term_string\"}],\"inLanguage\":\"en-US\"},{\"@type\":\"Organization\",\"@id\":\"https:\/\/www.silkrock.com\/en\/#organization\",\"name\":\"Silk Rock\",\"url\":\"https:\/\/www.silkrock.com\/en\/\",\"logo\":{\"@type\":\"ImageObject\",\"inLanguage\":\"en-US\",\"@id\":\"https:\/\/www.silkrock.com\/en\/#\/schema\/logo\/image\/\",\"url\":\"https:\/\/www.silkrock.com\/wp-content\/uploads\/LOGO-Silk-Rock-invertido-scaled.jpg\",\"contentUrl\":\"https:\/\/www.silkrock.com\/wp-content\/uploads\/LOGO-Silk-Rock-invertido-scaled.jpg\",\"width\":1850,\"height\":2560,\"caption\":\"Silk Rock\"},\"image\":{\"@id\":\"https:\/\/www.silkrock.com\/en\/#\/schema\/logo\/image\/\"}}]}<\/script>\n<!-- \/ Yoast SEO plugin. -->","yoast_head_json":{"title":"Privacy Policy - Silk Rock","robots":{"index":"noindex","follow":"follow","max-snippet":"max-snippet:-1","max-image-preview":"max-image-preview:large","max-video-preview":"max-video-preview:-1"},"og_locale":"en_US","og_type":"article","og_title":"Privacy Policy - Silk Rock","og_description":"SILK ROCK S.L.U. en cumplimiento de lo establecido en el Reglamento General de Protecci\u00f3n de datos (RGPD 2016\/679) y la Ley de Protecci\u00f3n de Datos Personales y garant\u00eda de los derechos digitales (LO 3\/2018), informa a los usuarios de la p\u00e1gina web https:\/\/silkrock.iwigo.es: &nbsp; 1.- \u00bfQui\u00e9n es el responsable del tratamiento de sus datos? SILK [&hellip;]","og_url":"https:\/\/www.silkrock.com\/en\/privacy-policy\/","og_site_name":"Silk Rock","article_modified_time":"2024-01-10T09:08:30+00:00","twitter_card":"summary_large_image","twitter_misc":{"Est. reading time":"7 minutes"},"schema":{"@context":"https:\/\/schema.org","@graph":[{"@type":"WebPage","@id":"https:\/\/www.silkrock.com\/en\/privacy-policy\/","url":"https:\/\/www.silkrock.com\/en\/privacy-policy\/","name":"Privacy Policy - Silk Rock","isPartOf":{"@id":"https:\/\/www.silkrock.com\/en\/#website"},"datePublished":"2023-04-14T06:09:43+00:00","dateModified":"2024-01-10T09:08:30+00:00","breadcrumb":{"@id":"https:\/\/www.silkrock.com\/en\/privacy-policy\/#breadcrumb"},"inLanguage":"en-US","potentialAction":[{"@type":"ReadAction","target":["https:\/\/www.silkrock.com\/en\/privacy-policy\/"]}]},{"@type":"BreadcrumbList","@id":"https:\/\/www.silkrock.com\/en\/privacy-policy\/#breadcrumb","itemListElement":[{"@type":"ListItem","position":1,"name":"Inicio","item":"https:\/\/www.silkrock.com\/en\/home\/"},{"@type":"ListItem","position":2,"name":"Privacy Policy"}]},{"@type":"WebSite","@id":"https:\/\/www.silkrock.com\/en\/#website","url":"https:\/\/www.silkrock.com\/en\/","name":"Silk Rock","description":"","publisher":{"@id":"https:\/\/www.silkrock.com\/en\/#organization"},"potentialAction":[{"@type":"SearchAction","target":{"@type":"EntryPoint","urlTemplate":"https:\/\/www.silkrock.com\/en\/?s={search_term_string}"},"query-input":"required name=search_term_string"}],"inLanguage":"en-US"},{"@type":"Organization","@id":"https:\/\/www.silkrock.com\/en\/#organization","name":"Silk Rock","url":"https:\/\/www.silkrock.com\/en\/","logo":{"@type":"ImageObject","inLanguage":"en-US","@id":"https:\/\/www.silkrock.com\/en\/#\/schema\/logo\/image\/","url":"https:\/\/www.silkrock.com\/wp-content\/uploads\/LOGO-Silk-Rock-invertido-scaled.jpg","contentUrl":"https:\/\/www.silkrock.com\/wp-content\/uploads\/LOGO-Silk-Rock-invertido-scaled.jpg","width":1850,"height":2560,"caption":"Silk Rock"},"image":{"@id":"https:\/\/www.silkrock.com\/en\/#\/schema\/logo\/image\/"}}]}},"_links":{"self":[{"href":"https:\/\/www.silkrock.com\/en\/wp-json\/wp\/v2\/pages\/952","targetHints":{"allow":["GET"]}}],"collection":[{"href":"https:\/\/www.silkrock.com\/en\/wp-json\/wp\/v2\/pages"}],"about":[{"href":"https:\/\/www.silkrock.com\/en\/wp-json\/wp\/v2\/types\/page"}],"author":[{"embeddable":true,"href":"https:\/\/www.silkrock.com\/en\/wp-json\/wp\/v2\/users\/1"}],"replies":[{"embeddable":true,"href":"https:\/\/www.silkrock.com\/en\/wp-json\/wp\/v2\/comments?post=952"}],"version-history":[{"count":3,"href":"https:\/\/www.silkrock.com\/en\/wp-json\/wp\/v2\/pages\/952\/revisions"}],"predecessor-version":[{"id":1003,"href":"https:\/\/www.silkrock.com\/en\/wp-json\/wp\/v2\/pages\/952\/revisions\/1003"}],"wp:attachment":[{"href":"https:\/\/www.silkrock.com\/en\/wp-json\/wp\/v2\/media?parent=952"}],"curies":[{"name":"wp","href":"https:\/\/api.w.org\/{rel}","templated":true}]}}